{"id":7,"date":"2019-08-05T15:48:24","date_gmt":"2019-08-05T12:48:24","guid":{"rendered":"http:\/\/jinn-bot.ru\/?page_id=2"},"modified":"2025-12-28T22:20:21","modified_gmt":"2025-12-28T21:20:21","slug":"appartment","status":"publish","type":"page","link":"https:\/\/www.ferienwohnung-stgallenkirch.at\/?page_id=7","title":{"rendered":"Appartment"},"content":{"rendered":"\n<div class=\"wp-block-image\"><figure class=\"aligncenter\"><img loading=\"lazy\" decoding=\"async\" width=\"673\" height=\"450\" src=\"http:\/\/www.ferienwohnung-stgallenkirch.at\/wp-content\/uploads\/2019\/12\/h1.jpg\" alt=\"\" class=\"wp-image-235\" srcset=\"https:\/\/www.ferienwohnung-stgallenkirch.at\/wp-content\/uploads\/2019\/12\/h1.jpg 673w, https:\/\/www.ferienwohnung-stgallenkirch.at\/wp-content\/uploads\/2019\/12\/h1-300x201.jpg 300w\" sizes=\"auto, (max-width: 673px) 100vw, 673px\" \/><figcaption>Doppelbettzimmer<\/figcaption><\/figure><\/div>\n\n\n\n<h4 class=\"wp-block-heading\">Wir bieten:<\/h4>\n\n\n\n<ul class=\"wp-block-list\">\n<li>74 m\u00b2; Wohnfl\u00e4che<\/li>\n\n\n\n<li>3 Doppelbettzimmer<\/li>\n\n\n\n<li>In jedem Zimmer Dusche und WC<\/li>\n\n\n\n<li>moderne Wohnk\u00fcche mit SAT-TV und Geschirrsp\u00fcler<\/li>\n\n\n\n<li>Balkon bei zwei Zimmer und der Wohnk\u00fcche<\/li>\n\n\n\n<li>In sich abgeschlossene Wohnung<\/li>\n\n\n\n<li>Bettw\u00e4sche und Handt\u00fccher inklusive (1 Duschtuch und 1 Handtuch \/ Per. \/ Woche)<\/li>\n\n\n\n<li>Gratis WLAN<\/li>\n<\/ul>\n\n\n<div class=\"wp-block-image\">\n<figure class=\"aligncenter size-large\"><img loading=\"lazy\" decoding=\"async\" width=\"673\" height=\"450\" src=\"http:\/\/www.ferienwohnung-stgallenkirch.at\/wp-content\/uploads\/2019\/12\/h4.jpg\" alt=\"\" class=\"wp-image-241\" srcset=\"https:\/\/www.ferienwohnung-stgallenkirch.at\/wp-content\/uploads\/2019\/12\/h4.jpg 673w, https:\/\/www.ferienwohnung-stgallenkirch.at\/wp-content\/uploads\/2019\/12\/h4-300x201.jpg 300w\" sizes=\"auto, (max-width: 673px) 100vw, 673px\" \/><figcaption class=\"wp-element-caption\">Doppelbettzimmer mit Blick in die Dusche<\/figcaption><\/figure>\n<\/div>\n\n\n<h4 class=\"wp-block-heading\">Ausstattung<\/h4>\n\n\n\n<p>Das Haus verf\u00fcgt \u00fcber eine moderne Zentralheizung inkl. Fu\u00dfbodenheizung in den Badezimmern.<br>Die K\u00fcche ist mit Elektroherd (Ceranfeld), Backofen und einer Mikrowelle ausgestattet. Ein Geschirrsp\u00fcler ist ebenfalls vorhanden, au\u00dferdem K\u00fchlschrank und Gefrierschrank (***).<br>SAT-TV ist in der Wohnk\u00fcche vorhanden.<\/p>\n\n\n\n<p>Damit Sie den Tag mit warmen Schischuhen starten haben wir einen Schischutrockner f\u00fcr Sie. Schi und St\u00f6cke k\u00f6nnen ebenfalls eingestellt werden.<\/p>\n\n\n\n<figure class=\"wp-block-image size-large\"><img loading=\"lazy\" decoding=\"async\" width=\"1024\" height=\"768\" src=\"https:\/\/www.ferienwohnung-stgallenkirch.at\/wp-content\/uploads\/2025\/12\/IMG_0159-1024x768.jpg\" alt=\"\" class=\"wp-image-609\" srcset=\"https:\/\/www.ferienwohnung-stgallenkirch.at\/wp-content\/uploads\/2025\/12\/IMG_0159-1024x768.jpg 1024w, https:\/\/www.ferienwohnung-stgallenkirch.at\/wp-content\/uploads\/2025\/12\/IMG_0159-300x225.jpg 300w, https:\/\/www.ferienwohnung-stgallenkirch.at\/wp-content\/uploads\/2025\/12\/IMG_0159-768x576.jpg 768w, https:\/\/www.ferienwohnung-stgallenkirch.at\/wp-content\/uploads\/2025\/12\/IMG_0159-1536x1152.jpg 1536w, https:\/\/www.ferienwohnung-stgallenkirch.at\/wp-content\/uploads\/2025\/12\/IMG_0159-2048x1536.jpg 2048w, https:\/\/www.ferienwohnung-stgallenkirch.at\/wp-content\/uploads\/2025\/12\/IMG_0159-900x675.jpg 900w, https:\/\/www.ferienwohnung-stgallenkirch.at\/wp-content\/uploads\/2025\/12\/IMG_0159-1280x960.jpg 1280w\" sizes=\"auto, (max-width: 1024px) 100vw, 1024px\" \/><figcaption class=\"wp-element-caption\">Wohnk\u00fcche<\/figcaption><\/figure>\n\n\n\n<figure class=\"wp-block-image size-full\"><img loading=\"lazy\" decoding=\"async\" width=\"1024\" height=\"768\" src=\"https:\/\/www.ferienwohnung-stgallenkirch.at\/wp-content\/uploads\/2025\/01\/IMG_7908.jpeg\" alt=\"\" class=\"wp-image-573\" srcset=\"https:\/\/www.ferienwohnung-stgallenkirch.at\/wp-content\/uploads\/2025\/01\/IMG_7908.jpeg 1024w, https:\/\/www.ferienwohnung-stgallenkirch.at\/wp-content\/uploads\/2025\/01\/IMG_7908-300x225.jpeg 300w, https:\/\/www.ferienwohnung-stgallenkirch.at\/wp-content\/uploads\/2025\/01\/IMG_7908-768x576.jpeg 768w, https:\/\/www.ferienwohnung-stgallenkirch.at\/wp-content\/uploads\/2025\/01\/IMG_7908-900x675.jpeg 900w\" sizes=\"auto, (max-width: 1024px) 100vw, 1024px\" \/><figcaption class=\"wp-element-caption\">K\u00fcchenblock<\/figcaption><\/figure>\n\n\n\n<figure class=\"wp-block-image size-large\"><img loading=\"lazy\" decoding=\"async\" width=\"768\" height=\"1024\" src=\"https:\/\/www.ferienwohnung-stgallenkirch.at\/wp-content\/uploads\/2025\/12\/IMG_0154-768x1024.jpg\" alt=\"\" class=\"wp-image-606\" srcset=\"https:\/\/www.ferienwohnung-stgallenkirch.at\/wp-content\/uploads\/2025\/12\/IMG_0154-768x1024.jpg 768w, https:\/\/www.ferienwohnung-stgallenkirch.at\/wp-content\/uploads\/2025\/12\/IMG_0154-225x300.jpg 225w, https:\/\/www.ferienwohnung-stgallenkirch.at\/wp-content\/uploads\/2025\/12\/IMG_0154-1152x1536.jpg 1152w, https:\/\/www.ferienwohnung-stgallenkirch.at\/wp-content\/uploads\/2025\/12\/IMG_0154-1536x2048.jpg 1536w, https:\/\/www.ferienwohnung-stgallenkirch.at\/wp-content\/uploads\/2025\/12\/IMG_0154-900x1200.jpg 900w, https:\/\/www.ferienwohnung-stgallenkirch.at\/wp-content\/uploads\/2025\/12\/IMG_0154-1280x1707.jpg 1280w, https:\/\/www.ferienwohnung-stgallenkirch.at\/wp-content\/uploads\/2025\/12\/IMG_0154-scaled.jpg 1920w\" sizes=\"auto, (max-width: 768px) 100vw, 768px\" \/><figcaption class=\"wp-element-caption\">Doppelbettzimmer<\/figcaption><\/figure>\n\n\n\n<p>Zur K\u00fcchenausstattung geh\u00f6ren Kaffeemaschine ebenso wie ein Wasserkocher. Geschirrt\u00fccher sind ebenfalls vorhanden.<br>Die K\u00fcche ist mit Geschirr f\u00fcr bis zu sechs Personen ausgestattet.<\/p>\n\n\n<div class=\"wp-block-image\">\n<figure class=\"aligncenter size-large\"><img loading=\"lazy\" decoding=\"async\" width=\"673\" height=\"450\" src=\"http:\/\/www.ferienwohnung-stgallenkirch.at\/wp-content\/uploads\/2019\/12\/h3.jpg\" alt=\"\" class=\"wp-image-244\" srcset=\"https:\/\/www.ferienwohnung-stgallenkirch.at\/wp-content\/uploads\/2019\/12\/h3.jpg 673w, https:\/\/www.ferienwohnung-stgallenkirch.at\/wp-content\/uploads\/2019\/12\/h3-300x201.jpg 300w\" sizes=\"auto, (max-width: 673px) 100vw, 673px\" \/><figcaption class=\"wp-element-caption\">Blick in die Dusche<\/figcaption><\/figure>\n<\/div>\n\n\n<h4 class=\"wp-block-heading\">Das sollten Sie mitbringen<\/h4>\n\n\n\n<p>Au\u00dfer den \u00fcblichen Dingen des t\u00e4glichen Bedarfs ben\u00f6tigen Sie auf alle F\u00e4lle:<\/p>\n\n\n\n<ul class=\"wp-block-list\">\n<li>Geschirrsp\u00fclmittel<\/li>\n\n\n\n<li>Sp\u00fcltabs f\u00fcr Geschirrsp\u00fcler<\/li>\n\n\n\n<li>Sp\u00fclschw\u00e4mme<\/li>\n\n\n\n<li>Toilettenpapier<\/li>\n\n\n\n<li>&#8230;.<\/li>\n<\/ul>\n\n\n\n<h4 class=\"wp-block-heading\">Grudnriss Ferienwohnung<\/h4>\n\n\n<div class=\"wp-block-image\">\n<figure class=\"aligncenter size-large\"><img loading=\"lazy\" decoding=\"async\" width=\"482\" height=\"703\" src=\"http:\/\/www.ferienwohnung-stgallenkirch.at\/wp-content\/uploads\/2019\/12\/plan-1.gif\" alt=\"\" class=\"wp-image-247\"\/><\/figure>\n<\/div>","protected":false},"excerpt":{"rendered":"<p>Wir bieten: Ausstattung Das Haus verf\u00fcgt \u00fcber eine moderne Zentralheizung inkl. Fu\u00dfbodenheizung in den Badezimmern.Die K\u00fcche ist mit Elektroherd (Ceranfeld), Backofen und einer Mikrowelle ausgestattet. Ein Geschirrsp\u00fcler ist ebenfalls vorhanden, au\u00dferdem K\u00fchlschrank und Gefrierschrank (***).SAT-TV ist in der Wohnk\u00fcche vorhanden. Damit Sie den Tag mit warmen Schischuhen starten haben wir einen Schischutrockner f\u00fcr Sie. Schi [&hellip;]<\/p>\n","protected":false},"author":1,"featured_media":0,"parent":0,"menu_order":1,"comment_status":"closed","ping_status":"closed","template":"full-width-page-template.php","meta":{"ngg_post_thumbnail":0,"footnotes":""},"class_list":["post-7","page","type-page","status-publish","hentry"],"_links":{"self":[{"href":"https:\/\/www.ferienwohnung-stgallenkirch.at\/index.php?rest_route=\/wp\/v2\/pages\/7","targetHints":{"allow":["GET"]}}],"collection":[{"href":"https:\/\/www.ferienwohnung-stgallenkirch.at\/index.php?rest_route=\/wp\/v2\/pages"}],"about":[{"href":"https:\/\/www.ferienwohnung-stgallenkirch.at\/index.php?rest_route=\/wp\/v2\/types\/page"}],"author":[{"embeddable":true,"href":"https:\/\/www.ferienwohnung-stgallenkirch.at\/index.php?rest_route=\/wp\/v2\/users\/1"}],"replies":[{"embeddable":true,"href":"https:\/\/www.ferienwohnung-stgallenkirch.at\/index.php?rest_route=%2Fwp%2Fv2%2Fcomments&post=7"}],"version-history":[{"count":26,"href":"https:\/\/www.ferienwohnung-stgallenkirch.at\/index.php?rest_route=\/wp\/v2\/pages\/7\/revisions"}],"predecessor-version":[{"id":613,"href":"https:\/\/www.ferienwohnung-stgallenkirch.at\/index.php?rest_route=\/wp\/v2\/pages\/7\/revisions\/613"}],"wp:attachment":[{"href":"https:\/\/www.ferienwohnung-stgallenkirch.at\/index.php?rest_route=%2Fwp%2Fv2%2Fmedia&parent=7"}],"curies":[{"name":"wp","href":"https:\/\/api.w.org\/{rel}","templated":true}]}}