{"id":116,"date":"2019-11-10T13:14:32","date_gmt":"2019-11-10T10:14:32","guid":{"rendered":"http:\/\/jinn-bot.ru\/?page_id=116"},"modified":"2024-11-05T20:11:31","modified_gmt":"2024-11-05T19:11:31","slug":"kontakt-und-lage","status":"publish","type":"page","link":"https:\/\/www.ferienwohnung-stgallenkirch.at\/?page_id=116","title":{"rendered":"Kontakt und Lage"},"content":{"rendered":"\n<h2 class=\"wp-block-heading\">Anfragen, Reservierungen<\/h2>\n\n\n<p>Schreiben Sie uns und oder rufen Sie uns an, wenn Sie mehr \u00fcber unser Ferienhaus und diese idyllische Fleckchen Erde wissen m\u00f6chten. Sie erreichen uns unter:<br \/><strong>+43 664 100 56 35<\/strong><\/p>\n<p>oder per Mail:<br \/><strong><a href=\"mailto:martin@ferienwohnung-stgallenkirch.at\">martin@ferienwohnung-stgallenkirch.at<\/a><\/strong><\/p>\n<p>Vielen Dank<\/p>\n<p>Martin Mathies<br \/>Kreuzgasse 106 c<br \/>A-6791 St. Gallenkirch<\/p>\n<p>Tel.: +43 644 100 56 35<br \/>Email: <a href=\"mailto:martin@ferienwohnung-stgallenkirch.at\">martin@ferienwohnung-stgallenkirch.at<\/a><\/p>\n\n\n<h4 class=\"wp-block-heading\">Anfahrt<\/h4>\n\n\n\n<p>Am besten erreichen Sie unser Haus mit dem PKW. Nutzen Sie die A14 bis zur Abfahrt Montafon.<\/p>\n\n\n\n<p>Nach ca. 18km auf der Bundesstra\u00dfe B188 ist 500m nach dem zweiten Tunnel die Abfahrt Richtung Gargellen die Sie auch nehmen. Sie fahren \u00fcber die Holzbr\u00fccke. Nach ca. 800m ist unser Haus auf der rechten Seite.<\/p>\n\n\n\n<p>In Ihrem Navi im Auto geben Sie als Stra\u00dfe bitte die Gargellener Stra\u00dfe ein!<\/p>\n\n\n\n<h4 class=\"wp-block-heading\">Lage<\/h4>\n\n\n\n<p>Unser Haus liegt im Ortsteil Galgenul nur ca. 900m von der Talstation der Valisera Bahn entfernt. Auch die Grasjochbahn aufs Hochjochschigebiet erreichen Sie vom gleichen Punkt aus.<br><\/p>\n\n\n\n<p><script src=\"https:\/\/maps.googleapis.com\/maps\/api\/js?v=3.exp&amp;key=AIzaSyD-oNT4DVQdTgJKdvn-50aZFMVSzwX0KDU\"><\/script><div style=\"overflow:hidden;height:432px;width:100%;\"><div id=\"gmap_canvas\" style=\"height:432px;width:100%;\"><\/div><style>#gmap_canvas img{max-width:none!important;background:none!important}<\/style><\/div> <a href=\"https:\/\/anfahrtsskizzeerstellen.com\/\">anfahrtsskizzeerstellen.com<\/a> <script type=\"text\/javascript\" src=\"https:\/\/embedmaps.com\/google-maps-authorization\/script.js?id=85009702b694159f4f772b8ba8b4389075fead85\"><\/script><script type=\"text\/javascript\">function init_map(){var myOptions = {zoom:13,center:new google.maps.LatLng(47.028529,9.952768800000058),mapTypeId: google.maps.MapTypeId.ROADMAP};map = new google.maps.Map(document.getElementById('gmap_canvas'), myOptions);marker = new google.maps.Marker({map: map,position: new google.maps.LatLng(47.028529,9.952768800000058)});infowindow = new google.maps.InfoWindow({content:'<strong>Ferienwohnung Martin Mathies<\/strong><br>Kreuzgasse 106c<br>6791 St. Gallenkirch<br>'});google.maps.event.addListener(marker, 'click', function(){infowindow.open(map,marker);});infowindow.open(map,marker);}google.maps.event.addDomListener(window, 'load', init_map);<\/script><\/p>\n","protected":false},"excerpt":{"rendered":"<p>Anfragen, Reservierungen Schreiben Sie uns und oder rufen Sie uns an, wenn Sie mehr \u00fcber unser Ferienhaus und diese idyllische Fleckchen Erde wissen m\u00f6chten. Sie erreichen uns unter:+43 664 100 56 35 oder per Mail:martin@ferienwohnung-stgallenkirch.at Vielen Dank Martin MathiesKreuzgasse 106 cA-6791 St. Gallenkirch Tel.: +43 644 100 56 35Email: martin@ferienwohnung-stgallenkirch.at Anfahrt Am besten erreichen Sie [&hellip;]<\/p>\n","protected":false},"author":1,"featured_media":0,"parent":0,"menu_order":50,"comment_status":"closed","ping_status":"closed","template":"full-width-page-template.php","meta":{"ngg_post_thumbnail":0,"footnotes":""},"class_list":["post-116","page","type-page","status-publish","hentry"],"_links":{"self":[{"href":"https:\/\/www.ferienwohnung-stgallenkirch.at\/index.php?rest_route=\/wp\/v2\/pages\/116","targetHints":{"allow":["GET"]}}],"collection":[{"href":"https:\/\/www.ferienwohnung-stgallenkirch.at\/index.php?rest_route=\/wp\/v2\/pages"}],"about":[{"href":"https:\/\/www.ferienwohnung-stgallenkirch.at\/index.php?rest_route=\/wp\/v2\/types\/page"}],"author":[{"embeddable":true,"href":"https:\/\/www.ferienwohnung-stgallenkirch.at\/index.php?rest_route=\/wp\/v2\/users\/1"}],"replies":[{"embeddable":true,"href":"https:\/\/www.ferienwohnung-stgallenkirch.at\/index.php?rest_route=%2Fwp%2Fv2%2Fcomments&post=116"}],"version-history":[{"count":5,"href":"https:\/\/www.ferienwohnung-stgallenkirch.at\/index.php?rest_route=\/wp\/v2\/pages\/116\/revisions"}],"predecessor-version":[{"id":561,"href":"https:\/\/www.ferienwohnung-stgallenkirch.at\/index.php?rest_route=\/wp\/v2\/pages\/116\/revisions\/561"}],"wp:attachment":[{"href":"https:\/\/www.ferienwohnung-stgallenkirch.at\/index.php?rest_route=%2Fwp%2Fv2%2Fmedia&parent=116"}],"curies":[{"name":"wp","href":"https:\/\/api.w.org\/{rel}","templated":true}]}}